{"id":8,"date":"2021-02-26T10:33:53","date_gmt":"2021-02-26T10:33:53","guid":{"rendered":"https:\/\/agggie.aufvision.de\/?page_id=8"},"modified":"2025-03-23T14:34:02","modified_gmt":"2025-03-23T14:34:02","slug":"meine-arbeit","status":"publish","type":"page","link":"https:\/\/agnes-jeske.de\/index.php\/meine-arbeit\/","title":{"rendered":"Meine Arbeit"},"content":{"rendered":"\n<div style=\"height:100px\" aria-hidden=\"true\" class=\"wp-block-spacer\"><\/div>\n\n\n\n<h1 class=\"wp-block-heading has-text-align-center\" style=\"font-size:60px\"><strong>Aura Arbeit<\/strong><\/h1>\n\n\n\n<p class=\"has-text-align-left has-medium-font-size\"><br>nach Claudia Kirmis (Schule f\u00fcr Aura-Arbeit)<\/p>\n\n\n\n<div class=\"wp-block-columns is-layout-flex wp-container-core-columns-is-layout-28f84493 wp-block-columns-is-layout-flex\">\n<div class=\"wp-block-column is-layout-flow wp-block-column-is-layout-flow\" style=\"flex-basis:66.66%\">\n<h2 class=\"wp-block-heading\"><strong>Was ist die Aura?<\/strong><\/h2>\n\n\n\n<p class=\"has-medium-font-size has-custom-lineheight\" style=\"line-height:1.3\">Die Aura ist das Energiefeld des Menschen, der feinstoffliche K\u00f6rper, zu dem auch die Chakren und die Meridiane geh\u00f6ren. Jedes Lebewesen ist von seiner Aura umgeben und von ihr durchdrungen. Die Chakren sind trichterf\u00f6rmige Energiewirbel, die die mehrschichtige Aura und den K\u00f6rper durchdringen. Jeder Mensch hat 7 Hauptchakren und viele Nebenchakren. Die Meridiane sind Energieleitbahnen im K\u00f6rper.<\/p>\n\n\n\n<h2 class=\"wp-block-heading\"><strong>Was passiert in der Aura?<\/strong><\/h2>\n\n\n\n<p class=\"has-medium-font-size has-custom-lineheight\" style=\"line-height:1.3\">Sie wirkt wie ein Speicher, eine Festplatte, auf der alles Wahrgenommene dokumentiert ist, unabh\u00e4ngig von der Tatsache des Im-Bewu\u00dftsein-Seins des Wahrgenommenen. (Familiengeschichte, pers\u00f6nliche Erlebnisse, usw.) Dieses Wahrgenommene aus diesem oder auch fr\u00fcheren Leben (wer diesem Denkansatz folgen mag) kann Blockaden hervorrufen.<\/p>\n\n\n\n<h2 class=\"wp-block-heading\"><strong>Was sind Blockaden?<\/strong><\/h2>\n\n\n\n<p class=\"has-medium-font-size has-custom-lineheight\" style=\"line-height:1.3\">Blockaden sind St\u00f6rfaktoren, die ein erf\u00fclltes und entspanntes Leben behindern. Blockaden k\u00f6nnen in vielf\u00e4ltiger Form auftreten: Warum treffe ich immer wieder auf dieselbe Art von Problemen, wie z.B. Chefs, die meine Arbeit einfach nicht anerkennen wollen? Warum habe ich immer wieder auftretende Kopf \u2013 oder R\u00fcckenschmerzen? Warum verfalle ich immer mal wieder in unerkl\u00e4rliche Traurigkeit? Oder, oder, oder&nbsp;\u2026<\/p>\n<\/div>\n\n\n\n<div class=\"wp-block-column is-vertically-aligned-center is-layout-flow wp-block-column-is-layout-flow\" style=\"flex-basis:33.33%\">\n<figure class=\"wp-block-image aligncenter size-large\"><img loading=\"lazy\" decoding=\"async\" width=\"1024\" height=\"768\" src=\"https:\/\/agnes-jeske.de\/wp-content\/uploads\/2021\/03\/regenbogen-1024x768.jpg\" alt=\"\" class=\"wp-image-204\" srcset=\"https:\/\/agnes-jeske.de\/wp-content\/uploads\/2021\/03\/regenbogen-1024x768.jpg 1024w, https:\/\/agnes-jeske.de\/wp-content\/uploads\/2021\/03\/regenbogen-300x225.jpg 300w, https:\/\/agnes-jeske.de\/wp-content\/uploads\/2021\/03\/regenbogen-768x576.jpg 768w, https:\/\/agnes-jeske.de\/wp-content\/uploads\/2021\/03\/regenbogen-1536x1152.jpg 1536w, https:\/\/agnes-jeske.de\/wp-content\/uploads\/2021\/03\/regenbogen.jpg 1920w\" sizes=\"auto, (max-width: 1024px) 100vw, 1024px\" \/><\/figure>\n<\/div>\n<\/div>\n\n\n\n<div class=\"wp-block-columns are-vertically-aligned-center is-layout-flex wp-container-core-columns-is-layout-28f84493 wp-block-columns-is-layout-flex\">\n<div class=\"wp-block-column is-vertically-aligned-center is-layout-flow wp-block-column-is-layout-flow\" style=\"flex-basis:33.33%\">\n<figure class=\"wp-block-image aligncenter size-large\"><img loading=\"lazy\" decoding=\"async\" width=\"1024\" height=\"768\" src=\"https:\/\/agnes-jeske.de\/wp-content\/uploads\/2021\/04\/ANA0410-1024x768.jpg\" alt=\"\" class=\"wp-image-404\" srcset=\"https:\/\/agnes-jeske.de\/wp-content\/uploads\/2021\/04\/ANA0410-1024x768.jpg 1024w, https:\/\/agnes-jeske.de\/wp-content\/uploads\/2021\/04\/ANA0410-300x225.jpg 300w, https:\/\/agnes-jeske.de\/wp-content\/uploads\/2021\/04\/ANA0410-768x576.jpg 768w, https:\/\/agnes-jeske.de\/wp-content\/uploads\/2021\/04\/ANA0410.jpg 1200w\" sizes=\"auto, (max-width: 1024px) 100vw, 1024px\" \/><\/figure>\n\n\n\n<p><\/p>\n<\/div>\n\n\n\n<div class=\"wp-block-column is-vertically-aligned-center is-layout-flow wp-block-column-is-layout-flow\" style=\"flex-basis:66.66%\">\n<h2 class=\"wp-block-heading\"><strong>Was bewirkt die Aura\u2013Arbeit?<\/strong><\/h2>\n\n\n\n<p class=\"has-medium-font-size has-custom-lineheight\" style=\"line-height:1.3\">Durch die Aura\u2013Arbeit werden Ursachen der Blockaden aufgedeckt und ins Bewusstsein geholt. Mithilfe der Energiebehandlung kann das System von K\u00f6rper, Denken und Gef\u00fchle dann in die individuelle L\u00f6sungssuche gehen, denn alle Hilfsmittel\/Werkzeuge sind in uns vorhanden.<\/p>\n\n\n\n<p class=\"has-medium-font-size has-custom-lineheight\" style=\"line-height:1.3\">Aura\u2013Arbeit dient dem Wohlbefinden, dem Heil \u2013 Sein auf allen Ebenen des Seins, bringt Klarheit ins Leben und aktiviert und unterst\u00fctzt die Selbstheilungskr\u00e4fte.<\/p>\n\n\n\n<p class=\"has-medium-font-size has-custom-lineheight\" style=\"line-height:1.3\">Eine Aura\u2013Sitzung dauert ungef\u00e4hr 1\u00bd Stunden und setzt sich aus einem Gespr\u00e4chsteil und einer<br>Energiebehandlung zusammen.<\/p>\n\n\n\n<p class=\"has-medium-font-size has-custom-lineheight\" style=\"line-height:1.3\">Wie h\u00e4ufig eine Aura\u2013Sitzung in Anspruch genommen wird, h\u00e4ngt ganz vom individuellen<br>Bed\u00fcrfnis ab.<\/p>\n\n\n\n<p class=\"has-medium-font-size has-custom-lineheight\" style=\"line-height:1.3\">Schonend wird Schicht f\u00fcr Schicht die Blockade bearbeitet, ganz so wie es vonn\u00f6ten ist.<br>Und ebenso kann eine einzige Sitzung zum vollst\u00e4ndigen Erarbeiten eines Bereiches f\u00fchren. Es ist<br>also nicht wie bei anderen Behandlungsformen ein w\u00f6chentlicher oder monatlicher Termin<br>notwendig, sondern das eigene Bed\u00fcrfnis gibt das Tempo vor.<\/p>\n\n\n\n<p><\/p>\n\n\n\n<p class=\"has-medium-font-size has-custom-lineheight\" style=\"line-height:1.3\"><\/p>\n<\/div>\n<\/div>\n\n\n\n<div class=\"wp-block-columns is-layout-flex wp-container-core-columns-is-layout-28f84493 wp-block-columns-is-layout-flex\">\n<div class=\"wp-block-column is-layout-flow wp-block-column-is-layout-flow\" style=\"flex-basis:66.66%\">\n<p class=\"has-medium-font-size has-custom-lineheight\" style=\"line-height:1.3\">Aus Sicht der Aura\u2013Arbeit ist jedoch ein Mindestabstand zwischen den Sitzungen n\u00f6tig, um die<br>Inhalte verarbeiten zu k\u00f6nnen und zu integrieren. Je nach Tiefe des zu bearbeitenden Themas kann<br>der Abstand zwischen den Sitzungen 4 \u2013 6 Wochen betragen.<\/p>\n\n\n\n<p class=\"has-medium-font-size has-custom-lineheight\" style=\"line-height:1.3\"><\/p>\n\n\n\n<p class=\"has-medium-font-size\">Kosten Aura-Sitzung 1 1\/2 Stunden \u20ac 120,- \/ jede weitere halbe Stunde 30,- \u20ac<\/p>\n\n\n\n<h2 class=\"wp-block-heading\" id=\"angebote\"><strong>Weitere Angebote und M\u00f6glichkeiten der Unterst\u00fctzung<\/strong><\/h2>\n\n\n\n<p class=\"has-medium-font-size has-custom-lineheight\" style=\"line-height:1.3\">Massagen\/ K\u00f6rperarbeit<\/p>\n\n\n\n<p class=\"has-medium-font-size has-custom-lineheight\" style=\"line-height:1.3\">Energetische Behandlungen zur Harmonisierung des Energieflusses<\/p>\n\n\n\n<p class=\"has-medium-font-size\">Bei Wunsch und Bedarf diese auch mit Unterst\u00fctzung durch \u00e4therische \u00d6le, Edelsteine, H\u00f6lzer und Heilpflanzen.<br>(Young Living ID Nummer 16109961)<\/p>\n\n\n\n<p class=\"has-medium-font-size\">Energetische Reinigung von R\u00e4umen und Gegenst\u00e4nden<\/p>\n\n\n\n<p class=\"has-medium-font-size\">Fernbehandlungen m\u00f6glich<\/p>\n<\/div>\n\n\n\n<div class=\"wp-block-column is-vertically-aligned-center is-layout-flow wp-block-column-is-layout-flow\" style=\"flex-basis:33.33%\">\n<figure class=\"wp-block-image aligncenter size-large is-resized\"><img loading=\"lazy\" decoding=\"async\" width=\"1024\" height=\"768\" src=\"https:\/\/agnes-jeske.de\/wp-content\/uploads\/2021\/03\/IMG_20190920_152010_HDR-1024x768.jpg\" alt=\"\" class=\"wp-image-203\" srcset=\"https:\/\/agnes-jeske.de\/wp-content\/uploads\/2021\/03\/IMG_20190920_152010_HDR-1024x768.jpg 1024w, https:\/\/agnes-jeske.de\/wp-content\/uploads\/2021\/03\/IMG_20190920_152010_HDR-300x225.jpg 300w, https:\/\/agnes-jeske.de\/wp-content\/uploads\/2021\/03\/IMG_20190920_152010_HDR-768x576.jpg 768w, https:\/\/agnes-jeske.de\/wp-content\/uploads\/2021\/03\/IMG_20190920_152010_HDR-1536x1152.jpg 1536w, https:\/\/agnes-jeske.de\/wp-content\/uploads\/2021\/03\/IMG_20190920_152010_HDR.jpg 1920w\" sizes=\"auto, (max-width: 1024px) 100vw, 1024px\" \/><\/figure>\n<\/div>\n<\/div>\n","protected":false},"excerpt":{"rendered":"<p>Aura Arbeit nach Claudia Kirmis (Schule f\u00fcr Aura-Arbeit) Was ist die Aura? Die Aura ist das Energiefeld des Menschen, der feinstoffliche K\u00f6rper, zu dem auch die Chakren und die Meridiane geh\u00f6ren. Jedes Lebewesen ist von seiner Aura umgeben und von ihr durchdrungen. Die Chakren sind trichterf\u00f6rmige Energiewirbel, die die mehrschichtige Aura und den K\u00f6rper durchdringen. [&hellip;]<\/p>\n","protected":false},"author":1,"featured_media":0,"parent":0,"menu_order":0,"comment_status":"closed","ping_status":"closed","template":"","meta":{"_coblocks_attr":"","_coblocks_dimensions":"","_coblocks_responsive_height":"","_coblocks_accordion_ie_support":"","_uag_custom_page_level_css":"","site-sidebar-layout":"default","site-content-layout":"default","ast-site-content-layout":"default","site-content-style":"default","site-sidebar-style":"default","ast-global-header-display":"","ast-banner-title-visibility":"","ast-main-header-display":"","ast-hfb-above-header-display":"","ast-hfb-below-header-display":"","ast-hfb-mobile-header-display":"","site-post-title":"disabled","ast-breadcrumbs-content":"","ast-featured-img":"","footer-sml-layout":"","ast-disable-related-posts":"","theme-transparent-header-meta":"default","adv-header-id-meta":"","stick-header-meta":"","header-above-stick-meta":"","header-main-stick-meta":"","header-below-stick-meta":"","astra-migrate-meta-layouts":"set","ast-page-background-enabled":"default","ast-page-background-meta":{"desktop":{"background-color":"","background-image":"","background-repeat":"repeat","background-position":"center center","background-size":"auto","background-attachment":"scroll","background-type":"","background-media":"","overlay-type":"","overlay-color":"","overlay-opacity":"","overlay-gradient":""},"tablet":{"background-color":"","background-image":"","background-repeat":"repeat","background-position":"center center","background-size":"auto","background-attachment":"scroll","background-type":"","background-media":"","overlay-type":"","overlay-color":"","overlay-opacity":"","overlay-gradient":""},"mobile":{"background-color":"","background-image":"","background-repeat":"repeat","background-position":"center center","background-size":"auto","background-attachment":"scroll","background-type":"","background-media":"","overlay-type":"","overlay-color":"","overlay-opacity":"","overlay-gradient":""}},"ast-content-background-meta":{"desktop":{"background-color":"var(--ast-global-color-5)","background-image":"","background-repeat":"repeat","background-position":"center center","background-size":"auto","background-attachment":"scroll","background-type":"","background-media":"","overlay-type":"","overlay-color":"","overlay-opacity":"","overlay-gradient":""},"tablet":{"background-color":"var(--ast-global-color-5)","background-image":"","background-repeat":"repeat","background-position":"center center","background-size":"auto","background-attachment":"scroll","background-type":"","background-media":"","overlay-type":"","overlay-color":"","overlay-opacity":"","overlay-gradient":""},"mobile":{"background-color":"var(--ast-global-color-5)","background-image":"","background-repeat":"repeat","background-position":"center center","background-size":"auto","background-attachment":"scroll","background-type":"","background-media":"","overlay-type":"","overlay-color":"","overlay-opacity":"","overlay-gradient":""}},"footnotes":""},"class_list":["post-8","page","type-page","status-publish","hentry"],"yoast_head":"<!-- This site is optimized with the Yoast SEO plugin v27.4 - https:\/\/yoast.com\/product\/yoast-seo-wordpress\/ -->\n<title>Meine Arbeit - Agnes Jeske<\/title>\n<meta name=\"description\" content=\"Was ist die Aura? Was passiert in der Aura? Was sind Blockaden? Was bewirkt die Aura\u2013Arbeit?\" \/>\n<meta name=\"robots\" content=\"index, follow, max-snippet:-1, max-image-preview:large, max-video-preview:-1\" \/>\n<link rel=\"canonical\" href=\"https:\/\/agnes-jeske.de\/index.php\/meine-arbeit\/\" \/>\n<meta property=\"og:locale\" content=\"de_DE\" \/>\n<meta property=\"og:type\" content=\"article\" \/>\n<meta property=\"og:title\" content=\"Meine Arbeit - Agnes Jeske\" \/>\n<meta property=\"og:description\" content=\"Was ist die Aura? Was passiert in der Aura? Was sind Blockaden? Was bewirkt die Aura\u2013Arbeit?\" \/>\n<meta property=\"og:url\" content=\"https:\/\/agnes-jeske.de\/index.php\/meine-arbeit\/\" \/>\n<meta property=\"og:site_name\" content=\"Agnes Jeske\" \/>\n<meta property=\"article:modified_time\" content=\"2025-03-23T14:34:02+00:00\" \/>\n<meta property=\"og:image\" content=\"https:\/\/agnes-jeske.de\/wp-content\/uploads\/2021\/03\/regenbogen.jpg\" \/>\n\t<meta property=\"og:image:width\" content=\"1920\" \/>\n\t<meta property=\"og:image:height\" content=\"1440\" \/>\n\t<meta property=\"og:image:type\" content=\"image\/jpeg\" \/>\n<meta name=\"twitter:card\" content=\"summary_large_image\" \/>\n<meta name=\"twitter:label1\" content=\"Gesch\u00e4tzte Lesezeit\" \/>\n\t<meta name=\"twitter:data1\" content=\"3\u00a0Minuten\" \/>\n<script type=\"application\/ld+json\" class=\"yoast-schema-graph\">{\"@context\":\"https:\\\/\\\/schema.org\",\"@graph\":[{\"@type\":\"WebPage\",\"@id\":\"https:\\\/\\\/agnes-jeske.de\\\/index.php\\\/meine-arbeit\\\/\",\"url\":\"https:\\\/\\\/agnes-jeske.de\\\/index.php\\\/meine-arbeit\\\/\",\"name\":\"Meine Arbeit - Agnes Jeske\",\"isPartOf\":{\"@id\":\"https:\\\/\\\/agnes-jeske.de\\\/#website\"},\"primaryImageOfPage\":{\"@id\":\"https:\\\/\\\/agnes-jeske.de\\\/index.php\\\/meine-arbeit\\\/#primaryimage\"},\"image\":{\"@id\":\"https:\\\/\\\/agnes-jeske.de\\\/index.php\\\/meine-arbeit\\\/#primaryimage\"},\"thumbnailUrl\":\"https:\\\/\\\/agnes-jeske.de\\\/wp-content\\\/uploads\\\/2021\\\/03\\\/regenbogen-1024x768.jpg\",\"datePublished\":\"2021-02-26T10:33:53+00:00\",\"dateModified\":\"2025-03-23T14:34:02+00:00\",\"description\":\"Was ist die Aura? Was passiert in der Aura? Was sind Blockaden? Was bewirkt die Aura\u2013Arbeit?\",\"breadcrumb\":{\"@id\":\"https:\\\/\\\/agnes-jeske.de\\\/index.php\\\/meine-arbeit\\\/#breadcrumb\"},\"inLanguage\":\"de\",\"potentialAction\":[{\"@type\":\"ReadAction\",\"target\":[\"https:\\\/\\\/agnes-jeske.de\\\/index.php\\\/meine-arbeit\\\/\"]}]},{\"@type\":\"ImageObject\",\"inLanguage\":\"de\",\"@id\":\"https:\\\/\\\/agnes-jeske.de\\\/index.php\\\/meine-arbeit\\\/#primaryimage\",\"url\":\"https:\\\/\\\/agnes-jeske.de\\\/wp-content\\\/uploads\\\/2021\\\/03\\\/regenbogen.jpg\",\"contentUrl\":\"https:\\\/\\\/agnes-jeske.de\\\/wp-content\\\/uploads\\\/2021\\\/03\\\/regenbogen.jpg\",\"width\":1920,\"height\":1440},{\"@type\":\"BreadcrumbList\",\"@id\":\"https:\\\/\\\/agnes-jeske.de\\\/index.php\\\/meine-arbeit\\\/#breadcrumb\",\"itemListElement\":[{\"@type\":\"ListItem\",\"position\":1,\"name\":\"Startseite\",\"item\":\"https:\\\/\\\/agnes-jeske.de\\\/\"},{\"@type\":\"ListItem\",\"position\":2,\"name\":\"Meine Arbeit\"}]},{\"@type\":\"WebSite\",\"@id\":\"https:\\\/\\\/agnes-jeske.de\\\/#website\",\"url\":\"https:\\\/\\\/agnes-jeske.de\\\/\",\"name\":\"Agnes Jeske\",\"description\":\"\",\"publisher\":{\"@id\":\"https:\\\/\\\/agnes-jeske.de\\\/#\\\/schema\\\/person\\\/7753f1f3228c4ea667c7c36e8a7b5941\"},\"potentialAction\":[{\"@type\":\"SearchAction\",\"target\":{\"@type\":\"EntryPoint\",\"urlTemplate\":\"https:\\\/\\\/agnes-jeske.de\\\/?s={search_term_string}\"},\"query-input\":{\"@type\":\"PropertyValueSpecification\",\"valueRequired\":true,\"valueName\":\"search_term_string\"}}],\"inLanguage\":\"de\"},{\"@type\":[\"Person\",\"Organization\"],\"@id\":\"https:\\\/\\\/agnes-jeske.de\\\/#\\\/schema\\\/person\\\/7753f1f3228c4ea667c7c36e8a7b5941\",\"name\":\"Agnes Jeske\",\"image\":{\"@type\":\"ImageObject\",\"inLanguage\":\"de\",\"@id\":\"https:\\\/\\\/agnes-jeske.de\\\/wp-content\\\/uploads\\\/2021\\\/03\\\/zeichen3.png\",\"url\":\"https:\\\/\\\/agnes-jeske.de\\\/wp-content\\\/uploads\\\/2021\\\/03\\\/zeichen3.png\",\"contentUrl\":\"https:\\\/\\\/agnes-jeske.de\\\/wp-content\\\/uploads\\\/2021\\\/03\\\/zeichen3.png\",\"width\":635,\"height\":897,\"caption\":\"Agnes Jeske\"},\"logo\":{\"@id\":\"https:\\\/\\\/agnes-jeske.de\\\/wp-content\\\/uploads\\\/2021\\\/03\\\/zeichen3.png\"},\"sameAs\":[\"http:\\\/\\\/agnes-jeske.de\"]}]}<\/script>\n<!-- \/ Yoast SEO plugin. -->","yoast_head_json":{"title":"Meine Arbeit - Agnes Jeske","description":"Was ist die Aura? Was passiert in der Aura? Was sind Blockaden? Was bewirkt die Aura\u2013Arbeit?","robots":{"index":"index","follow":"follow","max-snippet":"max-snippet:-1","max-image-preview":"max-image-preview:large","max-video-preview":"max-video-preview:-1"},"canonical":"https:\/\/agnes-jeske.de\/index.php\/meine-arbeit\/","og_locale":"de_DE","og_type":"article","og_title":"Meine Arbeit - Agnes Jeske","og_description":"Was ist die Aura? Was passiert in der Aura? Was sind Blockaden? Was bewirkt die Aura\u2013Arbeit?","og_url":"https:\/\/agnes-jeske.de\/index.php\/meine-arbeit\/","og_site_name":"Agnes Jeske","article_modified_time":"2025-03-23T14:34:02+00:00","og_image":[{"width":1920,"height":1440,"url":"https:\/\/agnes-jeske.de\/wp-content\/uploads\/2021\/03\/regenbogen.jpg","type":"image\/jpeg"}],"twitter_card":"summary_large_image","twitter_misc":{"Gesch\u00e4tzte Lesezeit":"3\u00a0Minuten"},"schema":{"@context":"https:\/\/schema.org","@graph":[{"@type":"WebPage","@id":"https:\/\/agnes-jeske.de\/index.php\/meine-arbeit\/","url":"https:\/\/agnes-jeske.de\/index.php\/meine-arbeit\/","name":"Meine Arbeit - Agnes Jeske","isPartOf":{"@id":"https:\/\/agnes-jeske.de\/#website"},"primaryImageOfPage":{"@id":"https:\/\/agnes-jeske.de\/index.php\/meine-arbeit\/#primaryimage"},"image":{"@id":"https:\/\/agnes-jeske.de\/index.php\/meine-arbeit\/#primaryimage"},"thumbnailUrl":"https:\/\/agnes-jeske.de\/wp-content\/uploads\/2021\/03\/regenbogen-1024x768.jpg","datePublished":"2021-02-26T10:33:53+00:00","dateModified":"2025-03-23T14:34:02+00:00","description":"Was ist die Aura? Was passiert in der Aura? Was sind Blockaden? Was bewirkt die Aura\u2013Arbeit?","breadcrumb":{"@id":"https:\/\/agnes-jeske.de\/index.php\/meine-arbeit\/#breadcrumb"},"inLanguage":"de","potentialAction":[{"@type":"ReadAction","target":["https:\/\/agnes-jeske.de\/index.php\/meine-arbeit\/"]}]},{"@type":"ImageObject","inLanguage":"de","@id":"https:\/\/agnes-jeske.de\/index.php\/meine-arbeit\/#primaryimage","url":"https:\/\/agnes-jeske.de\/wp-content\/uploads\/2021\/03\/regenbogen.jpg","contentUrl":"https:\/\/agnes-jeske.de\/wp-content\/uploads\/2021\/03\/regenbogen.jpg","width":1920,"height":1440},{"@type":"BreadcrumbList","@id":"https:\/\/agnes-jeske.de\/index.php\/meine-arbeit\/#breadcrumb","itemListElement":[{"@type":"ListItem","position":1,"name":"Startseite","item":"https:\/\/agnes-jeske.de\/"},{"@type":"ListItem","position":2,"name":"Meine Arbeit"}]},{"@type":"WebSite","@id":"https:\/\/agnes-jeske.de\/#website","url":"https:\/\/agnes-jeske.de\/","name":"Agnes Jeske","description":"","publisher":{"@id":"https:\/\/agnes-jeske.de\/#\/schema\/person\/7753f1f3228c4ea667c7c36e8a7b5941"},"potentialAction":[{"@type":"SearchAction","target":{"@type":"EntryPoint","urlTemplate":"https:\/\/agnes-jeske.de\/?s={search_term_string}"},"query-input":{"@type":"PropertyValueSpecification","valueRequired":true,"valueName":"search_term_string"}}],"inLanguage":"de"},{"@type":["Person","Organization"],"@id":"https:\/\/agnes-jeske.de\/#\/schema\/person\/7753f1f3228c4ea667c7c36e8a7b5941","name":"Agnes Jeske","image":{"@type":"ImageObject","inLanguage":"de","@id":"https:\/\/agnes-jeske.de\/wp-content\/uploads\/2021\/03\/zeichen3.png","url":"https:\/\/agnes-jeske.de\/wp-content\/uploads\/2021\/03\/zeichen3.png","contentUrl":"https:\/\/agnes-jeske.de\/wp-content\/uploads\/2021\/03\/zeichen3.png","width":635,"height":897,"caption":"Agnes Jeske"},"logo":{"@id":"https:\/\/agnes-jeske.de\/wp-content\/uploads\/2021\/03\/zeichen3.png"},"sameAs":["http:\/\/agnes-jeske.de"]}]}},"uagb_featured_image_src":{"full":false,"thumbnail":false,"medium":false,"medium_large":false,"large":false,"1536x1536":false,"2048x2048":false},"uagb_author_info":{"display_name":"admin","author_link":"https:\/\/agnes-jeske.de\/index.php\/author\/daiker_n2f55yif\/"},"uagb_comment_info":0,"uagb_excerpt":"Aura Arbeit nach Claudia Kirmis (Schule f\u00fcr Aura-Arbeit) Was ist die Aura? Die Aura ist das Energiefeld des Menschen, der feinstoffliche K\u00f6rper, zu dem auch die Chakren und die Meridiane geh\u00f6ren. Jedes Lebewesen ist von seiner Aura umgeben und von ihr durchdrungen. Die Chakren sind trichterf\u00f6rmige Energiewirbel, die die mehrschichtige Aura und den K\u00f6rper durchdringen.&hellip;","_links":{"self":[{"href":"https:\/\/agnes-jeske.de\/index.php\/wp-json\/wp\/v2\/pages\/8","targetHints":{"allow":["GET"]}}],"collection":[{"href":"https:\/\/agnes-jeske.de\/index.php\/wp-json\/wp\/v2\/pages"}],"about":[{"href":"https:\/\/agnes-jeske.de\/index.php\/wp-json\/wp\/v2\/types\/page"}],"author":[{"embeddable":true,"href":"https:\/\/agnes-jeske.de\/index.php\/wp-json\/wp\/v2\/users\/1"}],"replies":[{"embeddable":true,"href":"https:\/\/agnes-jeske.de\/index.php\/wp-json\/wp\/v2\/comments?post=8"}],"version-history":[{"count":50,"href":"https:\/\/agnes-jeske.de\/index.php\/wp-json\/wp\/v2\/pages\/8\/revisions"}],"predecessor-version":[{"id":630,"href":"https:\/\/agnes-jeske.de\/index.php\/wp-json\/wp\/v2\/pages\/8\/revisions\/630"}],"wp:attachment":[{"href":"https:\/\/agnes-jeske.de\/index.php\/wp-json\/wp\/v2\/media?parent=8"}],"curies":[{"name":"wp","href":"https:\/\/api.w.org\/{rel}","templated":true}]}}