{"id":420,"date":"2021-05-07T18:06:59","date_gmt":"2021-05-07T18:06:59","guid":{"rendered":"https:\/\/agggie.aufvision.de\/?page_id=420"},"modified":"2024-07-21T16:33:11","modified_gmt":"2024-07-21T16:33:11","slug":"ueber-mich","status":"publish","type":"page","link":"https:\/\/agnes-jeske.de\/index.php\/ueber-mich\/","title":{"rendered":"\u00dcber Mich"},"content":{"rendered":"\n<div style=\"height:100px\" aria-hidden=\"true\" class=\"wp-block-spacer\"><\/div>\n\n\n\n<h1 class=\"wp-block-heading has-text-align-center\" style=\"font-size:60px\"><strong>\u00dcber Mich <\/strong><\/h1>\n\n\n\n<div class=\"wp-block-columns is-layout-flex wp-container-core-columns-is-layout-28f84493 wp-block-columns-is-layout-flex\">\n<div class=\"wp-block-column is-layout-flow wp-block-column-is-layout-flow\" style=\"flex-basis:80%\">\n<h2 class=\"wp-block-heading\"><strong>Ein paar Worte zu mir<\/strong><\/h2>\n\n\n\n<p class=\"has-medium-font-size\">Ich bin ein sehr lebensfroher und tatkr\u00e4ftiger Mensch.<br>Der Natur sehr nahe und den Tieren und Pflanzen verbunden genie\u00dfe ich das Leben, in den Weiten<br>Mecklenburgs.<br>In Wismar wurde ich 1983 geboren und wuchs in der l\u00e4ndlichen Umgebung auf.<\/p>\n\n\n\n<p class=\"has-medium-font-size\">11 Jahre lebte und arbeitete ich in Hamburg und durfte die Vielf\u00e4ltigkeit der Gro\u00dfstadt erleben und<br>und sch\u00e4tzen lernen.<br>Schon immer habe ich Abwechslung und einen regen Austausch mit den verschiedensten Menschen<br>geliebt.<\/p>\n\n\n\n<p class=\"has-medium-font-size\">In meiner handwerklichen Arbeit als Friseurin und meinem sozialen Engagement in verschiedenen<br>Vereinen kam mir dies stets zugute.<br>Doch mein Wunsch, Menschen ein St\u00fcck tiefer begleiten zu k\u00f6nnen, stie\u00df innerhalb meines<br>Wirkens auf seine Grenzen.<\/p>\n\n\n\n<p class=\"has-medium-font-size\">So bin ich sehr dankbar, 2017 der Aura-Arbeit und ihren M\u00f6glichkeiten begegnet zu sein.<br>(Ausbildung f\u00fcr Aura-Arbeit nach Claudia Kirmis, in Hamburg \/ Schule f\u00fcr Aura-Arbeit)<\/p>\n\n\n\n<p class=\"has-medium-font-size\">Mit diesem feinf\u00fchligen Handwerkszeug l\u00e4sst sich mein Wunsch, Menschen zu unterst\u00fctzen, ihren<br>eigenen Weg zu finden und zu gehen, nun leben. Hilfe zur Selbsthilfe zu leisten zu k\u00f6nnen,<br>bereichert und erf\u00fcllt mich.<br>Und dies teile ich voller Freude<\/p>\n\n\n\n<p class=\"has-medium-font-size\">Gleichzeitig war es wieder an der Zeit zur\u00fcckzukehren, aus der Stadt heraus, zur\u00fcck in die Natur.<br>In der Sozialen Arbeit und selbstst\u00e4ndig t\u00e4tig, Wildkr\u00e4uter sammelnd und beschenkt durch meine<br>beiden Hundedamen, schreite auch ich auf meinem Weg, neugierig auf all jenes was noch kommen<br>will, weiter<\/p>\n\n\n\n<p class=\"has-medium-font-size\">Und ich bin sehr dankbar, das Leben als Freude und sch\u00f6nstes Abenteuer erleben zu d\u00fcrfen.<br>Trotz und vielleicht auch ein wenig wegen all der H\u00fcrden und Herausforderungen, die es so<br>bereith\u00e4lt.<br>Ver\u00e4nderung ist Leben\u00a0\u2026<\/p>\n\n\n\n<p class=\"has-medium-font-size\"><\/p>\n<\/div>\n\n\n\n<div class=\"wp-block-column is-vertically-aligned-center is-layout-flow wp-block-column-is-layout-flow\" style=\"flex-basis:20%\">\n<figure class=\"wp-block-image size-large\"><img loading=\"lazy\" decoding=\"async\" width=\"614\" height=\"1024\" src=\"https:\/\/agnes-jeske.de\/wp-content\/uploads\/2021\/04\/ANA0451-e1620411357819-614x1024.jpg\" alt=\"\" class=\"wp-image-414\" srcset=\"https:\/\/agnes-jeske.de\/wp-content\/uploads\/2021\/04\/ANA0451-e1620411357819-614x1024.jpg 614w, https:\/\/agnes-jeske.de\/wp-content\/uploads\/2021\/04\/ANA0451-e1620411357819-180x300.jpg 180w, https:\/\/agnes-jeske.de\/wp-content\/uploads\/2021\/04\/ANA0451-e1620411357819.jpg 640w\" sizes=\"auto, (max-width: 614px) 100vw, 614px\" \/><\/figure>\n<\/div>\n<\/div>\n\n\n\n<p><\/p>\n","protected":false},"excerpt":{"rendered":"<p>\u00dcber Mich Ein paar Worte zu mir Ich bin ein sehr lebensfroher und tatkr\u00e4ftiger Mensch.Der Natur sehr nahe und den Tieren und Pflanzen verbunden genie\u00dfe ich das Leben, in den WeitenMecklenburgs.In Wismar wurde ich 1983 geboren und wuchs in der l\u00e4ndlichen Umgebung auf. 11 Jahre lebte und arbeitete ich in Hamburg und durfte die Vielf\u00e4ltigkeit [&hellip;]<\/p>\n","protected":false},"author":1,"featured_media":0,"parent":0,"menu_order":0,"comment_status":"closed","ping_status":"closed","template":"","meta":{"_coblocks_attr":"","_coblocks_dimensions":"","_coblocks_responsive_height":"","_coblocks_accordion_ie_support":"","_uag_custom_page_level_css":"","site-sidebar-layout":"default","site-content-layout":"default","ast-site-content-layout":"default","site-content-style":"default","site-sidebar-style":"default","ast-global-header-display":"","ast-banner-title-visibility":"","ast-main-header-display":"","ast-hfb-above-header-display":"","ast-hfb-below-header-display":"","ast-hfb-mobile-header-display":"","site-post-title":"disabled","ast-breadcrumbs-content":"","ast-featured-img":"","footer-sml-layout":"","ast-disable-related-posts":"","theme-transparent-header-meta":"default","adv-header-id-meta":"","stick-header-meta":"","header-above-stick-meta":"","header-main-stick-meta":"","header-below-stick-meta":"","astra-migrate-meta-layouts":"set","ast-page-background-enabled":"default","ast-page-background-meta":{"desktop":{"background-color":"","background-image":"","background-repeat":"repeat","background-position":"center center","background-size":"auto","background-attachment":"scroll","background-type":"","background-media":"","overlay-type":"","overlay-color":"","overlay-opacity":"","overlay-gradient":""},"tablet":{"background-color":"","background-image":"","background-repeat":"repeat","background-position":"center center","background-size":"auto","background-attachment":"scroll","background-type":"","background-media":"","overlay-type":"","overlay-color":"","overlay-opacity":"","overlay-gradient":""},"mobile":{"background-color":"","background-image":"","background-repeat":"repeat","background-position":"center center","background-size":"auto","background-attachment":"scroll","background-type":"","background-media":"","overlay-type":"","overlay-color":"","overlay-opacity":"","overlay-gradient":""}},"ast-content-background-meta":{"desktop":{"background-color":"var(--ast-global-color-5)","background-image":"","background-repeat":"repeat","background-position":"center center","background-size":"auto","background-attachment":"scroll","background-type":"","background-media":"","overlay-type":"","overlay-color":"","overlay-opacity":"","overlay-gradient":""},"tablet":{"background-color":"var(--ast-global-color-5)","background-image":"","background-repeat":"repeat","background-position":"center center","background-size":"auto","background-attachment":"scroll","background-type":"","background-media":"","overlay-type":"","overlay-color":"","overlay-opacity":"","overlay-gradient":""},"mobile":{"background-color":"var(--ast-global-color-5)","background-image":"","background-repeat":"repeat","background-position":"center center","background-size":"auto","background-attachment":"scroll","background-type":"","background-media":"","overlay-type":"","overlay-color":"","overlay-opacity":"","overlay-gradient":""}},"footnotes":""},"class_list":["post-420","page","type-page","status-publish","hentry"],"yoast_head":"<!-- This site is optimized with the Yoast SEO plugin v27.4 - https:\/\/yoast.com\/product\/yoast-seo-wordpress\/ -->\n<title>\u00dcber Mich - Agnes Jeske<\/title>\n<meta name=\"description\" content=\"Ich bin ein sehr lebensfroher und tatkr\u00e4ftiger Mensch. Der Natur sehr nah. Den Tieren und Menschen sehr verbunden.\" \/>\n<meta name=\"robots\" content=\"index, follow, max-snippet:-1, max-image-preview:large, max-video-preview:-1\" \/>\n<link rel=\"canonical\" href=\"https:\/\/agnes-jeske.de\/index.php\/ueber-mich\/\" \/>\n<meta property=\"og:locale\" content=\"de_DE\" \/>\n<meta property=\"og:type\" content=\"article\" \/>\n<meta property=\"og:title\" content=\"\u00dcber Mich - Agnes Jeske\" \/>\n<meta property=\"og:description\" content=\"Ich bin ein sehr lebensfroher und tatkr\u00e4ftiger Mensch. Der Natur sehr nah. Den Tieren und Menschen sehr verbunden.\" \/>\n<meta property=\"og:url\" content=\"https:\/\/agnes-jeske.de\/index.php\/ueber-mich\/\" \/>\n<meta property=\"og:site_name\" content=\"Agnes Jeske\" \/>\n<meta property=\"article:modified_time\" content=\"2024-07-21T16:33:11+00:00\" \/>\n<meta property=\"og:image\" content=\"https:\/\/agnes-jeske.de\/wp-content\/uploads\/2021\/04\/ANA0451-e1620411357819-614x1024.jpg\" \/>\n<meta name=\"twitter:card\" content=\"summary_large_image\" \/>\n<meta name=\"twitter:label1\" content=\"Gesch\u00e4tzte Lesezeit\" \/>\n\t<meta name=\"twitter:data1\" content=\"2\u00a0Minuten\" \/>\n<script type=\"application\/ld+json\" class=\"yoast-schema-graph\">{\"@context\":\"https:\\\/\\\/schema.org\",\"@graph\":[{\"@type\":\"WebPage\",\"@id\":\"https:\\\/\\\/agnes-jeske.de\\\/index.php\\\/ueber-mich\\\/\",\"url\":\"https:\\\/\\\/agnes-jeske.de\\\/index.php\\\/ueber-mich\\\/\",\"name\":\"\u00dcber Mich - Agnes Jeske\",\"isPartOf\":{\"@id\":\"https:\\\/\\\/agnes-jeske.de\\\/#website\"},\"primaryImageOfPage\":{\"@id\":\"https:\\\/\\\/agnes-jeske.de\\\/index.php\\\/ueber-mich\\\/#primaryimage\"},\"image\":{\"@id\":\"https:\\\/\\\/agnes-jeske.de\\\/index.php\\\/ueber-mich\\\/#primaryimage\"},\"thumbnailUrl\":\"https:\\\/\\\/agnes-jeske.de\\\/wp-content\\\/uploads\\\/2021\\\/04\\\/ANA0451-e1620411357819-614x1024.jpg\",\"datePublished\":\"2021-05-07T18:06:59+00:00\",\"dateModified\":\"2024-07-21T16:33:11+00:00\",\"description\":\"Ich bin ein sehr lebensfroher und tatkr\u00e4ftiger Mensch. Der Natur sehr nah. Den Tieren und Menschen sehr verbunden.\",\"breadcrumb\":{\"@id\":\"https:\\\/\\\/agnes-jeske.de\\\/index.php\\\/ueber-mich\\\/#breadcrumb\"},\"inLanguage\":\"de\",\"potentialAction\":[{\"@type\":\"ReadAction\",\"target\":[\"https:\\\/\\\/agnes-jeske.de\\\/index.php\\\/ueber-mich\\\/\"]}]},{\"@type\":\"ImageObject\",\"inLanguage\":\"de\",\"@id\":\"https:\\\/\\\/agnes-jeske.de\\\/index.php\\\/ueber-mich\\\/#primaryimage\",\"url\":\"https:\\\/\\\/agnes-jeske.de\\\/wp-content\\\/uploads\\\/2021\\\/04\\\/ANA0451-e1620411357819.jpg\",\"contentUrl\":\"https:\\\/\\\/agnes-jeske.de\\\/wp-content\\\/uploads\\\/2021\\\/04\\\/ANA0451-e1620411357819.jpg\",\"width\":640,\"height\":1067},{\"@type\":\"BreadcrumbList\",\"@id\":\"https:\\\/\\\/agnes-jeske.de\\\/index.php\\\/ueber-mich\\\/#breadcrumb\",\"itemListElement\":[{\"@type\":\"ListItem\",\"position\":1,\"name\":\"Startseite\",\"item\":\"https:\\\/\\\/agnes-jeske.de\\\/\"},{\"@type\":\"ListItem\",\"position\":2,\"name\":\"\u00dcber Mich\"}]},{\"@type\":\"WebSite\",\"@id\":\"https:\\\/\\\/agnes-jeske.de\\\/#website\",\"url\":\"https:\\\/\\\/agnes-jeske.de\\\/\",\"name\":\"Agnes Jeske\",\"description\":\"\",\"publisher\":{\"@id\":\"https:\\\/\\\/agnes-jeske.de\\\/#\\\/schema\\\/person\\\/7753f1f3228c4ea667c7c36e8a7b5941\"},\"potentialAction\":[{\"@type\":\"SearchAction\",\"target\":{\"@type\":\"EntryPoint\",\"urlTemplate\":\"https:\\\/\\\/agnes-jeske.de\\\/?s={search_term_string}\"},\"query-input\":{\"@type\":\"PropertyValueSpecification\",\"valueRequired\":true,\"valueName\":\"search_term_string\"}}],\"inLanguage\":\"de\"},{\"@type\":[\"Person\",\"Organization\"],\"@id\":\"https:\\\/\\\/agnes-jeske.de\\\/#\\\/schema\\\/person\\\/7753f1f3228c4ea667c7c36e8a7b5941\",\"name\":\"Agnes Jeske\",\"image\":{\"@type\":\"ImageObject\",\"inLanguage\":\"de\",\"@id\":\"https:\\\/\\\/agnes-jeske.de\\\/wp-content\\\/uploads\\\/2021\\\/03\\\/zeichen3.png\",\"url\":\"https:\\\/\\\/agnes-jeske.de\\\/wp-content\\\/uploads\\\/2021\\\/03\\\/zeichen3.png\",\"contentUrl\":\"https:\\\/\\\/agnes-jeske.de\\\/wp-content\\\/uploads\\\/2021\\\/03\\\/zeichen3.png\",\"width\":635,\"height\":897,\"caption\":\"Agnes Jeske\"},\"logo\":{\"@id\":\"https:\\\/\\\/agnes-jeske.de\\\/wp-content\\\/uploads\\\/2021\\\/03\\\/zeichen3.png\"},\"sameAs\":[\"http:\\\/\\\/agnes-jeske.de\"]}]}<\/script>\n<!-- \/ Yoast SEO plugin. -->","yoast_head_json":{"title":"\u00dcber Mich - Agnes Jeske","description":"Ich bin ein sehr lebensfroher und tatkr\u00e4ftiger Mensch. Der Natur sehr nah. Den Tieren und Menschen sehr verbunden.","robots":{"index":"index","follow":"follow","max-snippet":"max-snippet:-1","max-image-preview":"max-image-preview:large","max-video-preview":"max-video-preview:-1"},"canonical":"https:\/\/agnes-jeske.de\/index.php\/ueber-mich\/","og_locale":"de_DE","og_type":"article","og_title":"\u00dcber Mich - Agnes Jeske","og_description":"Ich bin ein sehr lebensfroher und tatkr\u00e4ftiger Mensch. Der Natur sehr nah. Den Tieren und Menschen sehr verbunden.","og_url":"https:\/\/agnes-jeske.de\/index.php\/ueber-mich\/","og_site_name":"Agnes Jeske","article_modified_time":"2024-07-21T16:33:11+00:00","og_image":[{"url":"https:\/\/agnes-jeske.de\/wp-content\/uploads\/2021\/04\/ANA0451-e1620411357819-614x1024.jpg","type":"","width":"","height":""}],"twitter_card":"summary_large_image","twitter_misc":{"Gesch\u00e4tzte Lesezeit":"2\u00a0Minuten"},"schema":{"@context":"https:\/\/schema.org","@graph":[{"@type":"WebPage","@id":"https:\/\/agnes-jeske.de\/index.php\/ueber-mich\/","url":"https:\/\/agnes-jeske.de\/index.php\/ueber-mich\/","name":"\u00dcber Mich - Agnes Jeske","isPartOf":{"@id":"https:\/\/agnes-jeske.de\/#website"},"primaryImageOfPage":{"@id":"https:\/\/agnes-jeske.de\/index.php\/ueber-mich\/#primaryimage"},"image":{"@id":"https:\/\/agnes-jeske.de\/index.php\/ueber-mich\/#primaryimage"},"thumbnailUrl":"https:\/\/agnes-jeske.de\/wp-content\/uploads\/2021\/04\/ANA0451-e1620411357819-614x1024.jpg","datePublished":"2021-05-07T18:06:59+00:00","dateModified":"2024-07-21T16:33:11+00:00","description":"Ich bin ein sehr lebensfroher und tatkr\u00e4ftiger Mensch. Der Natur sehr nah. Den Tieren und Menschen sehr verbunden.","breadcrumb":{"@id":"https:\/\/agnes-jeske.de\/index.php\/ueber-mich\/#breadcrumb"},"inLanguage":"de","potentialAction":[{"@type":"ReadAction","target":["https:\/\/agnes-jeske.de\/index.php\/ueber-mich\/"]}]},{"@type":"ImageObject","inLanguage":"de","@id":"https:\/\/agnes-jeske.de\/index.php\/ueber-mich\/#primaryimage","url":"https:\/\/agnes-jeske.de\/wp-content\/uploads\/2021\/04\/ANA0451-e1620411357819.jpg","contentUrl":"https:\/\/agnes-jeske.de\/wp-content\/uploads\/2021\/04\/ANA0451-e1620411357819.jpg","width":640,"height":1067},{"@type":"BreadcrumbList","@id":"https:\/\/agnes-jeske.de\/index.php\/ueber-mich\/#breadcrumb","itemListElement":[{"@type":"ListItem","position":1,"name":"Startseite","item":"https:\/\/agnes-jeske.de\/"},{"@type":"ListItem","position":2,"name":"\u00dcber Mich"}]},{"@type":"WebSite","@id":"https:\/\/agnes-jeske.de\/#website","url":"https:\/\/agnes-jeske.de\/","name":"Agnes Jeske","description":"","publisher":{"@id":"https:\/\/agnes-jeske.de\/#\/schema\/person\/7753f1f3228c4ea667c7c36e8a7b5941"},"potentialAction":[{"@type":"SearchAction","target":{"@type":"EntryPoint","urlTemplate":"https:\/\/agnes-jeske.de\/?s={search_term_string}"},"query-input":{"@type":"PropertyValueSpecification","valueRequired":true,"valueName":"search_term_string"}}],"inLanguage":"de"},{"@type":["Person","Organization"],"@id":"https:\/\/agnes-jeske.de\/#\/schema\/person\/7753f1f3228c4ea667c7c36e8a7b5941","name":"Agnes Jeske","image":{"@type":"ImageObject","inLanguage":"de","@id":"https:\/\/agnes-jeske.de\/wp-content\/uploads\/2021\/03\/zeichen3.png","url":"https:\/\/agnes-jeske.de\/wp-content\/uploads\/2021\/03\/zeichen3.png","contentUrl":"https:\/\/agnes-jeske.de\/wp-content\/uploads\/2021\/03\/zeichen3.png","width":635,"height":897,"caption":"Agnes Jeske"},"logo":{"@id":"https:\/\/agnes-jeske.de\/wp-content\/uploads\/2021\/03\/zeichen3.png"},"sameAs":["http:\/\/agnes-jeske.de"]}]}},"uagb_featured_image_src":{"full":false,"thumbnail":false,"medium":false,"medium_large":false,"large":false,"1536x1536":false,"2048x2048":false},"uagb_author_info":{"display_name":"admin","author_link":"https:\/\/agnes-jeske.de\/index.php\/author\/daiker_n2f55yif\/"},"uagb_comment_info":0,"uagb_excerpt":"\u00dcber Mich Ein paar Worte zu mir Ich bin ein sehr lebensfroher und tatkr\u00e4ftiger Mensch.Der Natur sehr nahe und den Tieren und Pflanzen verbunden genie\u00dfe ich das Leben, in den WeitenMecklenburgs.In Wismar wurde ich 1983 geboren und wuchs in der l\u00e4ndlichen Umgebung auf. 11 Jahre lebte und arbeitete ich in Hamburg und durfte die Vielf\u00e4ltigkeit&hellip;","_links":{"self":[{"href":"https:\/\/agnes-jeske.de\/index.php\/wp-json\/wp\/v2\/pages\/420","targetHints":{"allow":["GET"]}}],"collection":[{"href":"https:\/\/agnes-jeske.de\/index.php\/wp-json\/wp\/v2\/pages"}],"about":[{"href":"https:\/\/agnes-jeske.de\/index.php\/wp-json\/wp\/v2\/types\/page"}],"author":[{"embeddable":true,"href":"https:\/\/agnes-jeske.de\/index.php\/wp-json\/wp\/v2\/users\/1"}],"replies":[{"embeddable":true,"href":"https:\/\/agnes-jeske.de\/index.php\/wp-json\/wp\/v2\/comments?post=420"}],"version-history":[{"count":34,"href":"https:\/\/agnes-jeske.de\/index.php\/wp-json\/wp\/v2\/pages\/420\/revisions"}],"predecessor-version":[{"id":591,"href":"https:\/\/agnes-jeske.de\/index.php\/wp-json\/wp\/v2\/pages\/420\/revisions\/591"}],"wp:attachment":[{"href":"https:\/\/agnes-jeske.de\/index.php\/wp-json\/wp\/v2\/media?parent=420"}],"curies":[{"name":"wp","href":"https:\/\/api.w.org\/{rel}","templated":true}]}}