{"id":121,"date":"2021-03-07T15:50:07","date_gmt":"2021-03-07T15:50:07","guid":{"rendered":"https:\/\/agggie.aufvision.de\/?page_id=121"},"modified":"2025-03-23T14:32:41","modified_gmt":"2025-03-23T14:32:41","slug":"impressum","status":"publish","type":"page","link":"https:\/\/agnes-jeske.de\/index.php\/impressum\/","title":{"rendered":"Impressum"},"content":{"rendered":"\n<p>Verantwortlich i.S.d. \u00a7 10 Abs. 3 MDStV:<br>Agnes Jeske<br>Schmiedestra\u00dfe 2<br>19067 Dobin am See<br>OT Rubow<\/p>\n\n\n\n<p><br>Steuer Nr.: 080\/236\/05075<\/p>\n\n\n\n<p>info@agnes-jeske.de<\/p>\n\n\n\n<h4 class=\"wp-block-heading\">Hinweis<\/h4>\n\n\n\n<p>Meine Angebote unterst\u00fctzen das Wohlbefinden. Sie sind kein Ersatz f\u00fcr den Besuch beim Arzt oder Heilpraktiker. Ich stelle keine Diagnosen und gebe keine Heilversprechen. Begonnene Therapien und Behandlungen sollten unter Aufsicht des Arztes oder Heilpraktikers zu Ende gef\u00fchrt werden.<br><br><\/p>\n\n\n\n<p>Als Kleinunternehmer im Sinne von \u00a7 19 Abs. 1 UStG wird Umsatzsteuer nicht<br>berechnet<\/p>\n\n\n\n<p><strong>Haftung f\u00fcr Links<\/strong><br>Mein Angebot enth\u00e4lt Links zu externen Webseiten Dritter, auf deren Inhalte ich keinen Einfluss habe. Deshalb kann ich f\u00fcr diese fremden Inhalte auch keine Gew\u00e4hr \u00fcbernehmen. F\u00fcr die Inhalte der verlinkten Seiten ist stets der jeweilige Anbieter oder Betreiber der Seiten verantwortlich. Die verlinkten Seiten wurden zum Zeitpunkt der Verlinkung auf m\u00f6gliche Rechtsverst\u00f6\u00dfe \u00fcberpr\u00fcft. Rechtswidrige Inhalte waren zum Zeitpunkt der Verlinkung nicht erkennbar. Eine permanente inhaltliche Kontrolle der verlinkten Seiten ist jedoch ohne konkrete Anhaltspunkte einer Rechtsverletzung nicht zumutbar. Bei Bekanntwerden von Rechtsverletzungen werde ich derartige Links umgehend entfernen.<\/p>\n","protected":false},"excerpt":{"rendered":"<p>Verantwortlich i.S.d. \u00a7 10 Abs. 3 MDStV:Agnes JeskeSchmiedestra\u00dfe 219067 Dobin am SeeOT Rubow Steuer Nr.: 080\/236\/05075 info@agnes-jeske.de Hinweis Meine Angebote unterst\u00fctzen das Wohlbefinden. Sie sind kein Ersatz f\u00fcr den Besuch beim Arzt oder Heilpraktiker. Ich stelle keine Diagnosen und gebe keine Heilversprechen. Begonnene Therapien und Behandlungen sollten unter Aufsicht des Arztes oder Heilpraktikers zu Ende [&hellip;]<\/p>\n","protected":false},"author":1,"featured_media":0,"parent":0,"menu_order":0,"comment_status":"closed","ping_status":"closed","template":"","meta":{"_coblocks_attr":"","_coblocks_dimensions":"","_coblocks_responsive_height":"","_coblocks_accordion_ie_support":"","_uag_custom_page_level_css":"","site-sidebar-layout":"default","site-content-layout":"default","ast-site-content-layout":"default","site-content-style":"default","site-sidebar-style":"default","ast-global-header-display":"","ast-banner-title-visibility":"","ast-main-header-display":"","ast-hfb-above-header-display":"","ast-hfb-below-header-display":"","ast-hfb-mobile-header-display":"","site-post-title":"","ast-breadcrumbs-content":"","ast-featured-img":"","footer-sml-layout":"","ast-disable-related-posts":"","theme-transparent-header-meta":"default","adv-header-id-meta":"","stick-header-meta":"","header-above-stick-meta":"","header-main-stick-meta":"","header-below-stick-meta":"","astra-migrate-meta-layouts":"set","ast-page-background-enabled":"default","ast-page-background-meta":{"desktop":{"background-color":"","background-image":"","background-repeat":"repeat","background-position":"center center","background-size":"auto","background-attachment":"scroll","background-type":"","background-media":"","overlay-type":"","overlay-color":"","overlay-opacity":"","overlay-gradient":""},"tablet":{"background-color":"","background-image":"","background-repeat":"repeat","background-position":"center center","background-size":"auto","background-attachment":"scroll","background-type":"","background-media":"","overlay-type":"","overlay-color":"","overlay-opacity":"","overlay-gradient":""},"mobile":{"background-color":"","background-image":"","background-repeat":"repeat","background-position":"center center","background-size":"auto","background-attachment":"scroll","background-type":"","background-media":"","overlay-type":"","overlay-color":"","overlay-opacity":"","overlay-gradient":""}},"ast-content-background-meta":{"desktop":{"background-color":"var(--ast-global-color-5)","background-image":"","background-repeat":"repeat","background-position":"center center","background-size":"auto","background-attachment":"scroll","background-type":"","background-media":"","overlay-type":"","overlay-color":"","overlay-opacity":"","overlay-gradient":""},"tablet":{"background-color":"var(--ast-global-color-5)","background-image":"","background-repeat":"repeat","background-position":"center center","background-size":"auto","background-attachment":"scroll","background-type":"","background-media":"","overlay-type":"","overlay-color":"","overlay-opacity":"","overlay-gradient":""},"mobile":{"background-color":"var(--ast-global-color-5)","background-image":"","background-repeat":"repeat","background-position":"center center","background-size":"auto","background-attachment":"scroll","background-type":"","background-media":"","overlay-type":"","overlay-color":"","overlay-opacity":"","overlay-gradient":""}},"footnotes":""},"class_list":["post-121","page","type-page","status-publish","hentry"],"yoast_head":"<!-- This site is optimized with the Yoast SEO plugin v27.4 - https:\/\/yoast.com\/product\/yoast-seo-wordpress\/ -->\n<title>Impressum - Agnes Jeske<\/title>\n<meta name=\"description\" content=\"impressum\" \/>\n<meta name=\"robots\" content=\"index, follow, max-snippet:-1, max-image-preview:large, max-video-preview:-1\" \/>\n<link rel=\"canonical\" href=\"https:\/\/agnes-jeske.de\/index.php\/impressum\/\" \/>\n<meta property=\"og:locale\" content=\"de_DE\" \/>\n<meta property=\"og:type\" content=\"article\" \/>\n<meta property=\"og:title\" content=\"Impressum - Agnes Jeske\" \/>\n<meta property=\"og:description\" content=\"impressum\" \/>\n<meta property=\"og:url\" content=\"https:\/\/agnes-jeske.de\/index.php\/impressum\/\" \/>\n<meta property=\"og:site_name\" content=\"Agnes Jeske\" \/>\n<meta property=\"article:modified_time\" content=\"2025-03-23T14:32:41+00:00\" \/>\n<meta name=\"twitter:card\" content=\"summary_large_image\" \/>\n<meta name=\"twitter:label1\" content=\"Gesch\u00e4tzte Lesezeit\" \/>\n\t<meta name=\"twitter:data1\" content=\"1\u00a0Minute\" \/>\n<script type=\"application\/ld+json\" class=\"yoast-schema-graph\">{\"@context\":\"https:\\\/\\\/schema.org\",\"@graph\":[{\"@type\":\"WebPage\",\"@id\":\"https:\\\/\\\/agnes-jeske.de\\\/index.php\\\/impressum\\\/\",\"url\":\"https:\\\/\\\/agnes-jeske.de\\\/index.php\\\/impressum\\\/\",\"name\":\"Impressum - Agnes Jeske\",\"isPartOf\":{\"@id\":\"https:\\\/\\\/agnes-jeske.de\\\/#website\"},\"datePublished\":\"2021-03-07T15:50:07+00:00\",\"dateModified\":\"2025-03-23T14:32:41+00:00\",\"description\":\"impressum\",\"breadcrumb\":{\"@id\":\"https:\\\/\\\/agnes-jeske.de\\\/index.php\\\/impressum\\\/#breadcrumb\"},\"inLanguage\":\"de\",\"potentialAction\":[{\"@type\":\"ReadAction\",\"target\":[\"https:\\\/\\\/agnes-jeske.de\\\/index.php\\\/impressum\\\/\"]}]},{\"@type\":\"BreadcrumbList\",\"@id\":\"https:\\\/\\\/agnes-jeske.de\\\/index.php\\\/impressum\\\/#breadcrumb\",\"itemListElement\":[{\"@type\":\"ListItem\",\"position\":1,\"name\":\"Startseite\",\"item\":\"https:\\\/\\\/agnes-jeske.de\\\/\"},{\"@type\":\"ListItem\",\"position\":2,\"name\":\"Impressum\"}]},{\"@type\":\"WebSite\",\"@id\":\"https:\\\/\\\/agnes-jeske.de\\\/#website\",\"url\":\"https:\\\/\\\/agnes-jeske.de\\\/\",\"name\":\"Agnes Jeske\",\"description\":\"\",\"publisher\":{\"@id\":\"https:\\\/\\\/agnes-jeske.de\\\/#\\\/schema\\\/person\\\/7753f1f3228c4ea667c7c36e8a7b5941\"},\"potentialAction\":[{\"@type\":\"SearchAction\",\"target\":{\"@type\":\"EntryPoint\",\"urlTemplate\":\"https:\\\/\\\/agnes-jeske.de\\\/?s={search_term_string}\"},\"query-input\":{\"@type\":\"PropertyValueSpecification\",\"valueRequired\":true,\"valueName\":\"search_term_string\"}}],\"inLanguage\":\"de\"},{\"@type\":[\"Person\",\"Organization\"],\"@id\":\"https:\\\/\\\/agnes-jeske.de\\\/#\\\/schema\\\/person\\\/7753f1f3228c4ea667c7c36e8a7b5941\",\"name\":\"Agnes Jeske\",\"image\":{\"@type\":\"ImageObject\",\"inLanguage\":\"de\",\"@id\":\"https:\\\/\\\/agnes-jeske.de\\\/wp-content\\\/uploads\\\/2021\\\/03\\\/zeichen3.png\",\"url\":\"https:\\\/\\\/agnes-jeske.de\\\/wp-content\\\/uploads\\\/2021\\\/03\\\/zeichen3.png\",\"contentUrl\":\"https:\\\/\\\/agnes-jeske.de\\\/wp-content\\\/uploads\\\/2021\\\/03\\\/zeichen3.png\",\"width\":635,\"height\":897,\"caption\":\"Agnes Jeske\"},\"logo\":{\"@id\":\"https:\\\/\\\/agnes-jeske.de\\\/wp-content\\\/uploads\\\/2021\\\/03\\\/zeichen3.png\"},\"sameAs\":[\"http:\\\/\\\/agnes-jeske.de\"]}]}<\/script>\n<!-- \/ Yoast SEO plugin. -->","yoast_head_json":{"title":"Impressum - Agnes Jeske","description":"impressum","robots":{"index":"index","follow":"follow","max-snippet":"max-snippet:-1","max-image-preview":"max-image-preview:large","max-video-preview":"max-video-preview:-1"},"canonical":"https:\/\/agnes-jeske.de\/index.php\/impressum\/","og_locale":"de_DE","og_type":"article","og_title":"Impressum - Agnes Jeske","og_description":"impressum","og_url":"https:\/\/agnes-jeske.de\/index.php\/impressum\/","og_site_name":"Agnes Jeske","article_modified_time":"2025-03-23T14:32:41+00:00","twitter_card":"summary_large_image","twitter_misc":{"Gesch\u00e4tzte Lesezeit":"1\u00a0Minute"},"schema":{"@context":"https:\/\/schema.org","@graph":[{"@type":"WebPage","@id":"https:\/\/agnes-jeske.de\/index.php\/impressum\/","url":"https:\/\/agnes-jeske.de\/index.php\/impressum\/","name":"Impressum - Agnes Jeske","isPartOf":{"@id":"https:\/\/agnes-jeske.de\/#website"},"datePublished":"2021-03-07T15:50:07+00:00","dateModified":"2025-03-23T14:32:41+00:00","description":"impressum","breadcrumb":{"@id":"https:\/\/agnes-jeske.de\/index.php\/impressum\/#breadcrumb"},"inLanguage":"de","potentialAction":[{"@type":"ReadAction","target":["https:\/\/agnes-jeske.de\/index.php\/impressum\/"]}]},{"@type":"BreadcrumbList","@id":"https:\/\/agnes-jeske.de\/index.php\/impressum\/#breadcrumb","itemListElement":[{"@type":"ListItem","position":1,"name":"Startseite","item":"https:\/\/agnes-jeske.de\/"},{"@type":"ListItem","position":2,"name":"Impressum"}]},{"@type":"WebSite","@id":"https:\/\/agnes-jeske.de\/#website","url":"https:\/\/agnes-jeske.de\/","name":"Agnes Jeske","description":"","publisher":{"@id":"https:\/\/agnes-jeske.de\/#\/schema\/person\/7753f1f3228c4ea667c7c36e8a7b5941"},"potentialAction":[{"@type":"SearchAction","target":{"@type":"EntryPoint","urlTemplate":"https:\/\/agnes-jeske.de\/?s={search_term_string}"},"query-input":{"@type":"PropertyValueSpecification","valueRequired":true,"valueName":"search_term_string"}}],"inLanguage":"de"},{"@type":["Person","Organization"],"@id":"https:\/\/agnes-jeske.de\/#\/schema\/person\/7753f1f3228c4ea667c7c36e8a7b5941","name":"Agnes Jeske","image":{"@type":"ImageObject","inLanguage":"de","@id":"https:\/\/agnes-jeske.de\/wp-content\/uploads\/2021\/03\/zeichen3.png","url":"https:\/\/agnes-jeske.de\/wp-content\/uploads\/2021\/03\/zeichen3.png","contentUrl":"https:\/\/agnes-jeske.de\/wp-content\/uploads\/2021\/03\/zeichen3.png","width":635,"height":897,"caption":"Agnes Jeske"},"logo":{"@id":"https:\/\/agnes-jeske.de\/wp-content\/uploads\/2021\/03\/zeichen3.png"},"sameAs":["http:\/\/agnes-jeske.de"]}]}},"uagb_featured_image_src":{"full":false,"thumbnail":false,"medium":false,"medium_large":false,"large":false,"1536x1536":false,"2048x2048":false},"uagb_author_info":{"display_name":"admin","author_link":"https:\/\/agnes-jeske.de\/index.php\/author\/daiker_n2f55yif\/"},"uagb_comment_info":0,"uagb_excerpt":"Verantwortlich i.S.d. \u00a7 10 Abs. 3 MDStV:Agnes JeskeSchmiedestra\u00dfe 219067 Dobin am SeeOT Rubow Steuer Nr.: 080\/236\/05075 info@agnes-jeske.de Hinweis Meine Angebote unterst\u00fctzen das Wohlbefinden. Sie sind kein Ersatz f\u00fcr den Besuch beim Arzt oder Heilpraktiker. Ich stelle keine Diagnosen und gebe keine Heilversprechen. Begonnene Therapien und Behandlungen sollten unter Aufsicht des Arztes oder Heilpraktikers zu Ende&hellip;","_links":{"self":[{"href":"https:\/\/agnes-jeske.de\/index.php\/wp-json\/wp\/v2\/pages\/121","targetHints":{"allow":["GET"]}}],"collection":[{"href":"https:\/\/agnes-jeske.de\/index.php\/wp-json\/wp\/v2\/pages"}],"about":[{"href":"https:\/\/agnes-jeske.de\/index.php\/wp-json\/wp\/v2\/types\/page"}],"author":[{"embeddable":true,"href":"https:\/\/agnes-jeske.de\/index.php\/wp-json\/wp\/v2\/users\/1"}],"replies":[{"embeddable":true,"href":"https:\/\/agnes-jeske.de\/index.php\/wp-json\/wp\/v2\/comments?post=121"}],"version-history":[{"count":4,"href":"https:\/\/agnes-jeske.de\/index.php\/wp-json\/wp\/v2\/pages\/121\/revisions"}],"predecessor-version":[{"id":629,"href":"https:\/\/agnes-jeske.de\/index.php\/wp-json\/wp\/v2\/pages\/121\/revisions\/629"}],"wp:attachment":[{"href":"https:\/\/agnes-jeske.de\/index.php\/wp-json\/wp\/v2\/media?parent=121"}],"curies":[{"name":"wp","href":"https:\/\/api.w.org\/{rel}","templated":true}]}}